{"id":854,"date":"2024-02-06T14:38:09","date_gmt":"2024-02-06T13:38:09","guid":{"rendered":"https:\/\/hotelopinione.com\/ambiente\/"},"modified":"2025-12-02T15:56:30","modified_gmt":"2025-12-02T14:56:30","slug":"umgebung","status":"publish","type":"page","link":"https:\/\/hotelopinione.com\/de\/umgebung\/","title":{"rendered":"Umgebung"},"content":{"rendered":"<section class=\"l-section wpb_row us_custom_cd7e6083 height_medium with_img\"><div class=\"l-section-img\" role=\"img\" aria-label=\"Hotel Opinione - Dimora Storica a San Lorenzo - Dorsino in Trentino\" data-img-width=\"1920\" data-img-height=\"1281\" style=\"background-image: url(https:\/\/hotelopinione.com\/wp-content\/uploads\/2023\/09\/OND08966.jpg);background-position: bottom center;background-repeat: no-repeat;\"><\/div><div class=\"l-section-overlay\" style=\"background:rgba(0,0,0,0.20)\"><\/div><div class=\"l-section-h i-cf\"><div class=\"g-cols vc_row via_grid cols_1 laptops-cols_inherit tablets-cols_inherit mobiles-cols_1 valign_top type_default stacking_default\"><div class=\"wpb_column vc_column_container\"><div class=\"vc_column-inner\"><\/div><\/div><\/div><\/div><\/section><section class=\"l-section wpb_row height_large\"><div class=\"l-section-h i-cf\"><div class=\"g-cols vc_row via_grid cols_5-7 laptops-cols_inherit tablets-cols_inherit mobiles-cols_1 valign_top type_default stacking_default\"><div class=\"wpb_column vc_column_container us_custom_60e9caca us_animate_this\"><div class=\"vc_column-inner\"><h1 class=\"w-text\"><span class=\"w-text-h\"><span class=\"w-text-value\">umgebung<\/span><\/span><\/h1><h3 class=\"w-text\"><span class=\"w-text-h\"><span class=\"w-text-value\">URLAUB IM TRENTINO<br \/>\nIN EINEM EINZIGARTIGEN BERGHOTEL.<\/span><\/span><\/h3><\/div><\/div><div class=\"wpb_column vc_column_container us_custom_e32a5847 us_animate_this\"><div class=\"vc_column-inner\"><div class=\"wpb_text_column\"><div class=\"wpb_wrapper\"><p>Willkommen in unserem Haus, wo die Zeit langsamer zu vergehen scheint und wo Sie in den kulturellen und nat\u00fcrlichen Reichtum der Trentiner Dolomiten eintauchen k\u00f6nnen.<br \/>\nBei uns wird auf jedes Detail geachtet, um Ihnen einen unvergesslichen Aufenthalt zu garantieren und Sie in eine Atmosph\u00e4re voller Charme und Geschichte eintauchen zu lassen. Die gehobene Einrichtung mit sorgf\u00e4ltig restaurierten M\u00f6beln aus vergangenen Zeiten schafft in jedem Winkel eine zeitlose Eleganz.<br \/>\nIn diesem historischen Trentiner Haus erz\u00e4hlt jeder Stein eine Geschichte, jedes Gem\u00e4lde ist ein Zeugnis der Vergangenheit und jeder Winkel bietet ein authentisches Erlebnis von Sch\u00f6nheit und Tradition.<\/p>\n<\/div><\/div><\/div><\/div><\/div><\/div><\/section><section class=\"l-section wpb_row us_custom_38e2da34 height_auto\"><div class=\"l-section-h i-cf\"><div class=\"g-cols vc_row via_grid cols_2 laptops-cols_inherit tablets-cols_inherit mobiles-cols_1 valign_middle type_default stacking_default\" style=\"--columns-gap:0rem;\"><div class=\"wpb_column vc_column_container us_custom_5913dbec has_bg_color stretched\"><div class=\"vc_column-inner\"><\/div><\/div><div class=\"wpb_column vc_column_container us_custom_53a61984\"><div class=\"vc_column-inner\"><div class=\"w-vwrapper us_custom_d22a5254 align_none valign_top\"><h2 class=\"w-text\"><span class=\"w-text-h\"><span class=\"w-text-value\">Leselounge<\/span><\/span><\/h2><div class=\"w-separator size_small\"><\/div><div class=\"wpb_text_column\"><div class=\"wpb_wrapper\"><p>Ein kleiner Salon mit historischen Polstersesseln und alten B\u00fcchern. Hier k\u00f6nnen Sie bei einer Tasse Tee oder einem anderen Getr\u00e4nk die angenehme Atmosph\u00e4re und die Freundlichkeit des Personals genie\u00dfen.<\/p>\n<\/div><\/div><\/div><\/div><\/div><\/div><\/div><\/section><section class=\"l-section wpb_row us_custom_38e2da34 height_auto\"><div class=\"l-section-h i-cf\"><div class=\"g-cols vc_row via_grid cols_2 laptops-cols_inherit tablets-cols_inherit mobiles-cols_1 valign_middle type_default reversed stacking_default\" style=\"--columns-gap:0rem;\"><div class=\"wpb_column vc_column_container us_custom_20500da7\"><div class=\"vc_column-inner\"><div class=\"w-vwrapper us_custom_d22a5254 align_none valign_top\"><h2 class=\"w-text\"><span class=\"w-text-h\"><span class=\"w-text-value\">Kaminzimmer<\/span><\/span><\/h2><div class=\"w-separator size_small\"><\/div><div class=\"wpb_text_column\"><div class=\"wpb_wrapper\"><p>Neben der behaglichen W\u00e4rme des Kamins, in einer die Sinne verzaubernden Atmosph\u00e4re, laden wir Sie ein zu einem Moment der Entspannung in unserem gem\u00fctlichen Barbereich. Weiche Sessel und sanftes Licht schaffen eine Oase der Ruhe.<\/p>\n<\/div><\/div><\/div><\/div><\/div><div class=\"wpb_column vc_column_container us_custom_b72d3c54 has_bg_color stretched\"><div class=\"vc_column-inner\"><\/div><\/div><\/div><\/div><\/section><section class=\"l-section wpb_row height_large\"><div class=\"l-section-h i-cf\"><div class=\"g-cols vc_row via_grid cols_1 laptops-cols_inherit tablets-cols_inherit mobiles-cols_1 valign_top type_default stacking_default\"><div class=\"wpb_column vc_column_container us_custom_60e9caca us_animate_this\"><div class=\"vc_column-inner\"><div class=\"w-image us_custom_206f4485 us_animate_this align_center\"><div class=\"w-image-h\"><img decoding=\"async\" width=\"1024\" height=\"1024\" src=\"https:\/\/hotelopinione.com\/wp-content\/uploads\/2024\/02\/divisore-archi.svg\" class=\"attachment-large size-large\" alt=\"Hotel Opinione - Dimora Storica a San Lorenzo - Dorsino in Trentino\" loading=\"lazy\" \/><\/div><\/div><div class=\"w-separator size_small\"><\/div><div class=\"w-text us_custom_7b1d3cd8 has_text_color\"><span class=\"w-text-h\"><span class=\"w-text-value\">Private Spa<\/span><\/span><\/div><div class=\"w-separator size_large\"><\/div><div class=\"w-grid us_post_carousel type_carousel layout_gallery_cropped preload_style_spinner items_3 ratio_1x1\" id=\"us_post_list_rb40\" style=\"--items:3;--gap:0.5rem;--item-ratio:1;\"><style>.layout_gallery_cropped .w-grid-item-h{}.layout_gallery_cropped .usg_post_image_1{position:absolute!important;left:0!important;top:0!important;bottom:0!important;right:0!important}<\/style><div class=\"w-grid-list owl-carousel valign_stretch dotstyle_dash navstyle_6 arrows-ver-pos_bottom_outside arrows-hor-pos_right_inside arrows-disabled_fade owl-responsive-2000 with_dots with_arrows\" style=\"--transition-duration:1100ms;--arrows-size:1rem;--arrows-ver-offset:10px;--arrows-gap:10px;\">\t<article class=\"w-grid-item size_1x1 post-1094 attachment type-attachment status-inherit hentry\" data-id=\"1094\">\r\n\t\t<div class=\"w-grid-item-h\">\r\n\t\t\t\t\t\t\t<a ref=\"magnificPopupGrid\" href=\"https:\/\/hotelopinione.com\/wp-content\/uploads\/2025\/12\/OND04359-web.jpg\" class=\"w-grid-item-anchor\" aria-label=\"OND04359-web\"><\/a>\r\n\t\t\t\t\t\t<div class=\"w-post-elm post_image usg_post_image_1 stretched\"><img loading=\"lazy\" decoding=\"async\" width=\"1024\" height=\"683\" src=\"https:\/\/hotelopinione.com\/wp-content\/uploads\/2025\/12\/OND04359-web-1024x683.jpg\" class=\"attachment-large size-large\" alt=\"\" srcset=\"https:\/\/hotelopinione.com\/wp-content\/uploads\/2025\/12\/OND04359-web-1024x683.jpg 1024w, https:\/\/hotelopinione.com\/wp-content\/uploads\/2025\/12\/OND04359-web-300x200.jpg 300w, https:\/\/hotelopinione.com\/wp-content\/uploads\/2025\/12\/OND04359-web-1280x853.jpg 1280w, https:\/\/hotelopinione.com\/wp-content\/uploads\/2025\/12\/OND04359-web.jpg 1920w\" sizes=\"auto, (max-width: 1024px) 100vw, 1024px\" \/><\/div>\t\t<\/div>\r\n\t\t\t<\/article>\r\n\t<article class=\"w-grid-item size_1x1 post-1106 attachment type-attachment status-inherit hentry\" data-id=\"1106\">\r\n\t\t<div class=\"w-grid-item-h\">\r\n\t\t\t\t\t\t\t<a ref=\"magnificPopupGrid\" href=\"https:\/\/hotelopinione.com\/wp-content\/uploads\/2025\/12\/OND04403-edit-web.jpg\" class=\"w-grid-item-anchor\" aria-label=\"OND04403-edit-web\"><\/a>\r\n\t\t\t\t\t\t<div class=\"w-post-elm post_image usg_post_image_1 stretched\"><img loading=\"lazy\" decoding=\"async\" width=\"1024\" height=\"683\" src=\"https:\/\/hotelopinione.com\/wp-content\/uploads\/2025\/12\/OND04403-edit-web-1024x683.jpg\" class=\"attachment-large size-large\" alt=\"\" srcset=\"https:\/\/hotelopinione.com\/wp-content\/uploads\/2025\/12\/OND04403-edit-web-1024x683.jpg 1024w, https:\/\/hotelopinione.com\/wp-content\/uploads\/2025\/12\/OND04403-edit-web-300x200.jpg 300w, https:\/\/hotelopinione.com\/wp-content\/uploads\/2025\/12\/OND04403-edit-web-1280x853.jpg 1280w, https:\/\/hotelopinione.com\/wp-content\/uploads\/2025\/12\/OND04403-edit-web.jpg 1920w\" sizes=\"auto, (max-width: 1024px) 100vw, 1024px\" \/><\/div>\t\t<\/div>\r\n\t\t\t<\/article>\r\n\t<article class=\"w-grid-item size_1x1 post-1124 attachment type-attachment status-inherit hentry\" data-id=\"1124\">\r\n\t\t<div class=\"w-grid-item-h\">\r\n\t\t\t\t\t\t\t<a ref=\"magnificPopupGrid\" href=\"https:\/\/hotelopinione.com\/wp-content\/uploads\/2025\/12\/OND04478-web.jpg\" class=\"w-grid-item-anchor\" aria-label=\"OND04478-web\"><\/a>\r\n\t\t\t\t\t\t<div class=\"w-post-elm post_image usg_post_image_1 stretched\"><img loading=\"lazy\" decoding=\"async\" width=\"1024\" height=\"683\" src=\"https:\/\/hotelopinione.com\/wp-content\/uploads\/2025\/12\/OND04478-web-1024x683.jpg\" class=\"attachment-large size-large\" alt=\"\" srcset=\"https:\/\/hotelopinione.com\/wp-content\/uploads\/2025\/12\/OND04478-web-1024x683.jpg 1024w, https:\/\/hotelopinione.com\/wp-content\/uploads\/2025\/12\/OND04478-web-300x200.jpg 300w, https:\/\/hotelopinione.com\/wp-content\/uploads\/2025\/12\/OND04478-web-1280x853.jpg 1280w, https:\/\/hotelopinione.com\/wp-content\/uploads\/2025\/12\/OND04478-web.jpg 1920w\" sizes=\"auto, (max-width: 1024px) 100vw, 1024px\" \/><\/div>\t\t<\/div>\r\n\t\t\t<\/article>\r\n\t<article class=\"w-grid-item size_1x1 post-1139 attachment type-attachment status-inherit hentry\" data-id=\"1139\">\r\n\t\t<div class=\"w-grid-item-h\">\r\n\t\t\t\t\t\t\t<a ref=\"magnificPopupGrid\" href=\"https:\/\/hotelopinione.com\/wp-content\/uploads\/2025\/12\/OND04539-web.jpg\" class=\"w-grid-item-anchor\" aria-label=\"OND04539-web\"><\/a>\r\n\t\t\t\t\t\t<div class=\"w-post-elm post_image usg_post_image_1 stretched\"><img loading=\"lazy\" decoding=\"async\" width=\"1024\" height=\"683\" src=\"https:\/\/hotelopinione.com\/wp-content\/uploads\/2025\/12\/OND04539-web-1024x683.jpg\" class=\"attachment-large size-large\" alt=\"\" srcset=\"https:\/\/hotelopinione.com\/wp-content\/uploads\/2025\/12\/OND04539-web-1024x683.jpg 1024w, https:\/\/hotelopinione.com\/wp-content\/uploads\/2025\/12\/OND04539-web-300x200.jpg 300w, https:\/\/hotelopinione.com\/wp-content\/uploads\/2025\/12\/OND04539-web-1280x853.jpg 1280w, https:\/\/hotelopinione.com\/wp-content\/uploads\/2025\/12\/OND04539-web.jpg 1920w\" sizes=\"auto, (max-width: 1024px) 100vw, 1024px\" \/><\/div>\t\t<\/div>\r\n\t\t\t<\/article>\r\n\t<article class=\"w-grid-item size_1x1 post-1160 attachment type-attachment status-inherit hentry\" data-id=\"1160\">\r\n\t\t<div class=\"w-grid-item-h\">\r\n\t\t\t\t\t\t\t<a ref=\"magnificPopupGrid\" href=\"https:\/\/hotelopinione.com\/wp-content\/uploads\/2025\/12\/OND04636-web.jpg\" class=\"w-grid-item-anchor\" aria-label=\"OND04636-web\"><\/a>\r\n\t\t\t\t\t\t<div class=\"w-post-elm post_image usg_post_image_1 stretched\"><img loading=\"lazy\" decoding=\"async\" width=\"1024\" height=\"683\" src=\"https:\/\/hotelopinione.com\/wp-content\/uploads\/2025\/12\/OND04636-web-1024x683.jpg\" class=\"attachment-large size-large\" alt=\"\" srcset=\"https:\/\/hotelopinione.com\/wp-content\/uploads\/2025\/12\/OND04636-web-1024x683.jpg 1024w, https:\/\/hotelopinione.com\/wp-content\/uploads\/2025\/12\/OND04636-web-300x200.jpg 300w, https:\/\/hotelopinione.com\/wp-content\/uploads\/2025\/12\/OND04636-web-1280x853.jpg 1280w, https:\/\/hotelopinione.com\/wp-content\/uploads\/2025\/12\/OND04636-web.jpg 1920w\" sizes=\"auto, (max-width: 1024px) 100vw, 1024px\" \/><\/div>\t\t<\/div>\r\n\t\t\t<\/article>\r\n\t<article class=\"w-grid-item size_1x1 post-1166 attachment type-attachment status-inherit hentry\" data-id=\"1166\">\r\n\t\t<div class=\"w-grid-item-h\">\r\n\t\t\t\t\t\t\t<a ref=\"magnificPopupGrid\" href=\"https:\/\/hotelopinione.com\/wp-content\/uploads\/2025\/12\/OND04655-HDR-web.jpg\" class=\"w-grid-item-anchor\" aria-label=\"OND04655-HDR-web\"><\/a>\r\n\t\t\t\t\t\t<div class=\"w-post-elm post_image usg_post_image_1 stretched\"><img loading=\"lazy\" decoding=\"async\" width=\"1024\" height=\"683\" src=\"https:\/\/hotelopinione.com\/wp-content\/uploads\/2025\/12\/OND04655-HDR-web-1024x683.jpg\" class=\"attachment-large size-large\" alt=\"\" srcset=\"https:\/\/hotelopinione.com\/wp-content\/uploads\/2025\/12\/OND04655-HDR-web-1024x683.jpg 1024w, https:\/\/hotelopinione.com\/wp-content\/uploads\/2025\/12\/OND04655-HDR-web-300x200.jpg 300w, https:\/\/hotelopinione.com\/wp-content\/uploads\/2025\/12\/OND04655-HDR-web-1280x853.jpg 1280w, https:\/\/hotelopinione.com\/wp-content\/uploads\/2025\/12\/OND04655-HDR-web.jpg 1920w\" sizes=\"auto, (max-width: 1024px) 100vw, 1024px\" \/><\/div>\t\t<\/div>\r\n\t\t\t<\/article>\r\n\t<article class=\"w-grid-item size_1x1 post-1169 attachment type-attachment status-inherit hentry\" data-id=\"1169\">\r\n\t\t<div class=\"w-grid-item-h\">\r\n\t\t\t\t\t\t\t<a ref=\"magnificPopupGrid\" href=\"https:\/\/hotelopinione.com\/wp-content\/uploads\/2025\/12\/OND04662-HDR-web.jpg\" class=\"w-grid-item-anchor\" aria-label=\"OND04662-HDR-web\"><\/a>\r\n\t\t\t\t\t\t<div class=\"w-post-elm post_image usg_post_image_1 stretched\"><img loading=\"lazy\" decoding=\"async\" width=\"1024\" height=\"683\" src=\"https:\/\/hotelopinione.com\/wp-content\/uploads\/2025\/12\/OND04662-HDR-web-1024x683.jpg\" class=\"attachment-large size-large\" alt=\"\" srcset=\"https:\/\/hotelopinione.com\/wp-content\/uploads\/2025\/12\/OND04662-HDR-web-1024x683.jpg 1024w, https:\/\/hotelopinione.com\/wp-content\/uploads\/2025\/12\/OND04662-HDR-web-300x200.jpg 300w, https:\/\/hotelopinione.com\/wp-content\/uploads\/2025\/12\/OND04662-HDR-web-1280x853.jpg 1280w, https:\/\/hotelopinione.com\/wp-content\/uploads\/2025\/12\/OND04662-HDR-web.jpg 1920w\" sizes=\"auto, (max-width: 1024px) 100vw, 1024px\" \/><\/div>\t\t<\/div>\r\n\t\t\t<\/article>\r\n\t<article class=\"w-grid-item size_1x1 post-1172 attachment type-attachment status-inherit hentry\" data-id=\"1172\">\r\n\t\t<div class=\"w-grid-item-h\">\r\n\t\t\t\t\t\t\t<a ref=\"magnificPopupGrid\" href=\"https:\/\/hotelopinione.com\/wp-content\/uploads\/2025\/12\/OND04665-HDR-web.jpg\" class=\"w-grid-item-anchor\" aria-label=\"OND04665-HDR-web\"><\/a>\r\n\t\t\t\t\t\t<div class=\"w-post-elm post_image usg_post_image_1 stretched\"><img loading=\"lazy\" decoding=\"async\" width=\"1024\" height=\"683\" src=\"https:\/\/hotelopinione.com\/wp-content\/uploads\/2025\/12\/OND04665-HDR-web-1024x683.jpg\" class=\"attachment-large size-large\" alt=\"\" srcset=\"https:\/\/hotelopinione.com\/wp-content\/uploads\/2025\/12\/OND04665-HDR-web-1024x683.jpg 1024w, https:\/\/hotelopinione.com\/wp-content\/uploads\/2025\/12\/OND04665-HDR-web-300x200.jpg 300w, https:\/\/hotelopinione.com\/wp-content\/uploads\/2025\/12\/OND04665-HDR-web-1280x853.jpg 1280w, https:\/\/hotelopinione.com\/wp-content\/uploads\/2025\/12\/OND04665-HDR-web.jpg 1920w\" sizes=\"auto, (max-width: 1024px) 100vw, 1024px\" \/><\/div>\t\t<\/div>\r\n\t\t\t<\/article>\r\n<\/div><div class=\"w-grid-carousel-json hidden\" onclick='return {&quot;carousel_settings&quot;:{&quot;aria_labels&quot;:{&quot;prev&quot;:&quot;Zur\\u00fcck&quot;,&quot;next&quot;:&quot;Weiter&quot;},&quot;autoplayContinual&quot;:false,&quot;autoplayHoverPause&quot;:false,&quot;autoplayTimeout&quot;:3000,&quot;autoWidth&quot;:false,&quot;smartSpeed&quot;:1100,&quot;margin&quot;:0,&quot;mouseDrag&quot;:true,&quot;rtl&quot;:false,&quot;slideBy&quot;:&quot;1&quot;,&quot;touchDrag&quot;:true,&quot;slideTransition&quot;:&quot;&quot;,&quot;responsive&quot;:{&quot;0&quot;:{&quot;autoHeight&quot;:false,&quot;autoplay&quot;:false,&quot;autoWidth&quot;:false,&quot;center&quot;:false,&quot;dots&quot;:true,&quot;items&quot;:1,&quot;loop&quot;:true,&quot;nav&quot;:false,&quot;stagePadding&quot;:30,&quot;slideBy&quot;:&quot;1&quot;},&quot;601&quot;:{&quot;autoHeight&quot;:false,&quot;autoplay&quot;:false,&quot;autoWidth&quot;:false,&quot;center&quot;:false,&quot;dots&quot;:true,&quot;items&quot;:2,&quot;loop&quot;:true,&quot;nav&quot;:false,&quot;stagePadding&quot;:35,&quot;slideBy&quot;:&quot;1&quot;},&quot;1025&quot;:{&quot;items&quot;:3,&quot;autoplay&quot;:false,&quot;center&quot;:false,&quot;dots&quot;:true,&quot;nav&quot;:true,&quot;autoHeight&quot;:false,&quot;autoWidth&quot;:false,&quot;loop&quot;:true,&quot;stagePadding&quot;:30}}}}'><\/div><\/div><div class=\"w-separator size_large\"><\/div><div class=\"g-cols wpb_row us_custom_60e9caca us_animate_this via_grid cols_2 laptops-cols_inherit tablets-cols_inherit mobiles-cols_1 valign_top type_default stacking_default\" style=\"--columns-gap:3rem;--laptops-columns-gap:3rem;--tablets-columns-gap:3rem;--mobiles-columns-gap:2rem;\"><div class=\"wpb_column vc_column_container\"><div class=\"vc_column-inner\"><h2 class=\"w-text us_custom_7e20fa79 us_animate_this\"><span class=\"w-text-h\"><span class=\"w-text-value\">Alles, was Sie f\u00fcr Ihren Komfort ben\u00f6tigen.<\/span><\/span><\/h2><\/div><\/div><div class=\"wpb_column vc_column_container\"><div class=\"vc_column-inner\"><div class=\"wpb_text_column\"><div class=\"wpb_wrapper\"><p>Unsere Panoramaterrasse ist heute zu einem echten Private Spa geworden, einer exklusiven Oase zwischen Himmel und dem Herzen des Dorfes San Lorenzo in Banale.<\/p>\n<\/div><\/div><div class=\"w-separator size_small\"><\/div><div class=\"w-btn-wrapper default_align_none laptops_align_none tablets_align_none mobiles_align_justify\"><a class=\"w-btn us-btn-style_1\" href=\"https:\/\/hotelopinione.com\/en\/terrace\/\"><span class=\"w-btn-label\">Lauf auf die Terrasse!<\/span><\/a><\/div><\/div><\/div><\/div><\/div><\/div><\/div><\/div><\/section>\n","protected":false},"excerpt":{"rendered":"","protected":false},"author":1,"featured_media":562,"parent":0,"menu_order":0,"comment_status":"closed","ping_status":"closed","template":"","meta":{"footnotes":""},"class_list":["post-854","page","type-page","status-publish","has-post-thumbnail","hentry"],"yoast_head":"<!-- This site is optimized with the Yoast SEO plugin v26.5 - https:\/\/yoast.com\/wordpress\/plugins\/seo\/ -->\n<title>Umgebung - Hotel Opinione<\/title>\n<meta name=\"robots\" content=\"index, follow, max-snippet:-1, max-image-preview:large, max-video-preview:-1\" \/>\n<link rel=\"canonical\" href=\"https:\/\/hotelopinione.com\/de\/umgebung\/\" \/>\n<meta property=\"og:locale\" content=\"de_DE\" \/>\n<meta property=\"og:type\" content=\"article\" \/>\n<meta property=\"og:title\" content=\"Umgebung - Hotel Opinione\" \/>\n<meta property=\"og:url\" content=\"https:\/\/hotelopinione.com\/de\/umgebung\/\" \/>\n<meta property=\"og:site_name\" content=\"Hotel Opinione\" \/>\n<meta property=\"article:publisher\" content=\"https:\/\/www.facebook.com\/hotelopinione\" \/>\n<meta property=\"article:modified_time\" content=\"2025-12-02T14:56:30+00:00\" \/>\n<meta property=\"og:image\" content=\"https:\/\/hotelopinione.com\/wp-content\/uploads\/2023\/09\/OND08966.jpg\" \/>\n\t<meta property=\"og:image:width\" content=\"1920\" \/>\n\t<meta property=\"og:image:height\" content=\"1281\" \/>\n\t<meta property=\"og:image:type\" content=\"image\/jpeg\" \/>\n<meta name=\"twitter:card\" content=\"summary_large_image\" \/>\n<meta name=\"twitter:label1\" content=\"Gesch\u00e4tzte Lesezeit\" \/>\n\t<meta name=\"twitter:data1\" content=\"2\u00a0Minuten\" \/>\n<script type=\"application\/ld+json\" class=\"yoast-schema-graph\">{\"@context\":\"https:\/\/schema.org\",\"@graph\":[{\"@type\":\"WebPage\",\"@id\":\"https:\/\/hotelopinione.com\/de\/umgebung\/\",\"url\":\"https:\/\/hotelopinione.com\/de\/umgebung\/\",\"name\":\"Umgebung - Hotel Opinione\",\"isPartOf\":{\"@id\":\"https:\/\/hotelopinione.com\/#website\"},\"primaryImageOfPage\":{\"@id\":\"https:\/\/hotelopinione.com\/de\/umgebung\/#primaryimage\"},\"image\":{\"@id\":\"https:\/\/hotelopinione.com\/de\/umgebung\/#primaryimage\"},\"thumbnailUrl\":\"https:\/\/hotelopinione.com\/wp-content\/uploads\/2023\/09\/OND08966.jpg\",\"datePublished\":\"2024-02-06T13:38:09+00:00\",\"dateModified\":\"2025-12-02T14:56:30+00:00\",\"breadcrumb\":{\"@id\":\"https:\/\/hotelopinione.com\/de\/umgebung\/#breadcrumb\"},\"inLanguage\":\"de\",\"potentialAction\":[{\"@type\":\"ReadAction\",\"target\":[\"https:\/\/hotelopinione.com\/de\/umgebung\/\"]}]},{\"@type\":\"ImageObject\",\"inLanguage\":\"de\",\"@id\":\"https:\/\/hotelopinione.com\/de\/umgebung\/#primaryimage\",\"url\":\"https:\/\/hotelopinione.com\/wp-content\/uploads\/2023\/09\/OND08966.jpg\",\"contentUrl\":\"https:\/\/hotelopinione.com\/wp-content\/uploads\/2023\/09\/OND08966.jpg\",\"width\":1920,\"height\":1281,\"caption\":\"Hotel Opinione - Dimora Storica a San Lorenzo - Dorsino in Trentino\"},{\"@type\":\"BreadcrumbList\",\"@id\":\"https:\/\/hotelopinione.com\/de\/umgebung\/#breadcrumb\",\"itemListElement\":[{\"@type\":\"ListItem\",\"position\":1,\"name\":\"Home\",\"item\":\"https:\/\/hotelopinione.com\/de\/\"},{\"@type\":\"ListItem\",\"position\":2,\"name\":\"Umgebung\"}]},{\"@type\":\"WebSite\",\"@id\":\"https:\/\/hotelopinione.com\/#website\",\"url\":\"https:\/\/hotelopinione.com\/\",\"name\":\"Hotel Opinione\",\"description\":\"Hotel Opinione\",\"publisher\":{\"@id\":\"https:\/\/hotelopinione.com\/#organization\"},\"potentialAction\":[{\"@type\":\"SearchAction\",\"target\":{\"@type\":\"EntryPoint\",\"urlTemplate\":\"https:\/\/hotelopinione.com\/?s={search_term_string}\"},\"query-input\":{\"@type\":\"PropertyValueSpecification\",\"valueRequired\":true,\"valueName\":\"search_term_string\"}}],\"inLanguage\":\"de\"},{\"@type\":\"Organization\",\"@id\":\"https:\/\/hotelopinione.com\/#organization\",\"name\":\"Hotel Opinione\",\"url\":\"https:\/\/hotelopinione.com\/\",\"logo\":{\"@type\":\"ImageObject\",\"inLanguage\":\"de\",\"@id\":\"https:\/\/hotelopinione.com\/#\/schema\/logo\/image\/\",\"url\":\"https:\/\/hotelopinione.com\/wp-content\/uploads\/2024\/02\/marchioseo.png\",\"contentUrl\":\"https:\/\/hotelopinione.com\/wp-content\/uploads\/2024\/02\/marchioseo.png\",\"width\":767,\"height\":767,\"caption\":\"Hotel Opinione\"},\"image\":{\"@id\":\"https:\/\/hotelopinione.com\/#\/schema\/logo\/image\/\"},\"sameAs\":[\"https:\/\/www.facebook.com\/hotelopinione\",\"https:\/\/www.instagram.com\/hotel.opinione\/\"]}]}<\/script>\n<!-- \/ Yoast SEO plugin. -->","yoast_head_json":{"title":"Umgebung - Hotel Opinione","robots":{"index":"index","follow":"follow","max-snippet":"max-snippet:-1","max-image-preview":"max-image-preview:large","max-video-preview":"max-video-preview:-1"},"canonical":"https:\/\/hotelopinione.com\/de\/umgebung\/","og_locale":"de_DE","og_type":"article","og_title":"Umgebung - Hotel Opinione","og_url":"https:\/\/hotelopinione.com\/de\/umgebung\/","og_site_name":"Hotel Opinione","article_publisher":"https:\/\/www.facebook.com\/hotelopinione","article_modified_time":"2025-12-02T14:56:30+00:00","og_image":[{"width":1920,"height":1281,"url":"https:\/\/hotelopinione.com\/wp-content\/uploads\/2023\/09\/OND08966.jpg","type":"image\/jpeg"}],"twitter_card":"summary_large_image","twitter_misc":{"Gesch\u00e4tzte Lesezeit":"2\u00a0Minuten"},"schema":{"@context":"https:\/\/schema.org","@graph":[{"@type":"WebPage","@id":"https:\/\/hotelopinione.com\/de\/umgebung\/","url":"https:\/\/hotelopinione.com\/de\/umgebung\/","name":"Umgebung - Hotel Opinione","isPartOf":{"@id":"https:\/\/hotelopinione.com\/#website"},"primaryImageOfPage":{"@id":"https:\/\/hotelopinione.com\/de\/umgebung\/#primaryimage"},"image":{"@id":"https:\/\/hotelopinione.com\/de\/umgebung\/#primaryimage"},"thumbnailUrl":"https:\/\/hotelopinione.com\/wp-content\/uploads\/2023\/09\/OND08966.jpg","datePublished":"2024-02-06T13:38:09+00:00","dateModified":"2025-12-02T14:56:30+00:00","breadcrumb":{"@id":"https:\/\/hotelopinione.com\/de\/umgebung\/#breadcrumb"},"inLanguage":"de","potentialAction":[{"@type":"ReadAction","target":["https:\/\/hotelopinione.com\/de\/umgebung\/"]}]},{"@type":"ImageObject","inLanguage":"de","@id":"https:\/\/hotelopinione.com\/de\/umgebung\/#primaryimage","url":"https:\/\/hotelopinione.com\/wp-content\/uploads\/2023\/09\/OND08966.jpg","contentUrl":"https:\/\/hotelopinione.com\/wp-content\/uploads\/2023\/09\/OND08966.jpg","width":1920,"height":1281,"caption":"Hotel Opinione - Dimora Storica a San Lorenzo - Dorsino in Trentino"},{"@type":"BreadcrumbList","@id":"https:\/\/hotelopinione.com\/de\/umgebung\/#breadcrumb","itemListElement":[{"@type":"ListItem","position":1,"name":"Home","item":"https:\/\/hotelopinione.com\/de\/"},{"@type":"ListItem","position":2,"name":"Umgebung"}]},{"@type":"WebSite","@id":"https:\/\/hotelopinione.com\/#website","url":"https:\/\/hotelopinione.com\/","name":"Hotel Opinione","description":"Hotel Opinione","publisher":{"@id":"https:\/\/hotelopinione.com\/#organization"},"potentialAction":[{"@type":"SearchAction","target":{"@type":"EntryPoint","urlTemplate":"https:\/\/hotelopinione.com\/?s={search_term_string}"},"query-input":{"@type":"PropertyValueSpecification","valueRequired":true,"valueName":"search_term_string"}}],"inLanguage":"de"},{"@type":"Organization","@id":"https:\/\/hotelopinione.com\/#organization","name":"Hotel Opinione","url":"https:\/\/hotelopinione.com\/","logo":{"@type":"ImageObject","inLanguage":"de","@id":"https:\/\/hotelopinione.com\/#\/schema\/logo\/image\/","url":"https:\/\/hotelopinione.com\/wp-content\/uploads\/2024\/02\/marchioseo.png","contentUrl":"https:\/\/hotelopinione.com\/wp-content\/uploads\/2024\/02\/marchioseo.png","width":767,"height":767,"caption":"Hotel Opinione"},"image":{"@id":"https:\/\/hotelopinione.com\/#\/schema\/logo\/image\/"},"sameAs":["https:\/\/www.facebook.com\/hotelopinione","https:\/\/www.instagram.com\/hotel.opinione\/"]}]}},"_links":{"self":[{"href":"https:\/\/hotelopinione.com\/de\/wp-json\/wp\/v2\/pages\/854","targetHints":{"allow":["GET"]}}],"collection":[{"href":"https:\/\/hotelopinione.com\/de\/wp-json\/wp\/v2\/pages"}],"about":[{"href":"https:\/\/hotelopinione.com\/de\/wp-json\/wp\/v2\/types\/page"}],"author":[{"embeddable":true,"href":"https:\/\/hotelopinione.com\/de\/wp-json\/wp\/v2\/users\/1"}],"replies":[{"embeddable":true,"href":"https:\/\/hotelopinione.com\/de\/wp-json\/wp\/v2\/comments?post=854"}],"version-history":[{"count":3,"href":"https:\/\/hotelopinione.com\/de\/wp-json\/wp\/v2\/pages\/854\/revisions"}],"predecessor-version":[{"id":1244,"href":"https:\/\/hotelopinione.com\/de\/wp-json\/wp\/v2\/pages\/854\/revisions\/1244"}],"wp:featuredmedia":[{"embeddable":true,"href":"https:\/\/hotelopinione.com\/de\/wp-json\/wp\/v2\/media\/562"}],"wp:attachment":[{"href":"https:\/\/hotelopinione.com\/de\/wp-json\/wp\/v2\/media?parent=854"}],"curies":[{"name":"wp","href":"https:\/\/api.w.org\/{rel}","templated":true}]}}