{"id":850,"date":"2024-02-06T14:38:20","date_gmt":"2024-02-06T13:38:20","guid":{"rendered":"https:\/\/hotelopinione.com\/ristorante\/"},"modified":"2024-02-23T11:59:10","modified_gmt":"2024-02-23T10:59:10","slug":"restaurant","status":"publish","type":"page","link":"https:\/\/hotelopinione.com\/de\/restaurant\/","title":{"rendered":"Restaurant"},"content":{"rendered":"<section class=\"l-section wpb_row us_custom_cd7e6083 height_medium with_img\"><div class=\"l-section-img\" role=\"img\" aria-label=\"Hotel Opinione - Dimora Storica a San Lorenzo - Dorsino in Trentino\" data-img-width=\"1920\" data-img-height=\"1280\" style=\"background-image: url(https:\/\/hotelopinione.com\/wp-content\/uploads\/2024\/02\/OND08759-sera.jpg);background-repeat: no-repeat;\"><\/div><div class=\"l-section-overlay\" style=\"background:rgba(0,0,0,0.20)\"><\/div><div class=\"l-section-h i-cf\"><div class=\"g-cols vc_row via_grid cols_1 laptops-cols_inherit tablets-cols_inherit mobiles-cols_1 valign_top type_default stacking_default\"><div class=\"wpb_column vc_column_container\"><div class=\"vc_column-inner\"><\/div><\/div><\/div><\/div><\/section><section class=\"l-section wpb_row height_large\"><div class=\"l-section-h i-cf\"><div class=\"g-cols vc_row via_grid cols_5-7 laptops-cols_inherit tablets-cols_inherit mobiles-cols_1 valign_top type_default stacking_default\"><div class=\"wpb_column vc_column_container us_custom_60e9caca us_animate_this\"><div class=\"vc_column-inner\"><h1 class=\"w-text\"><span class=\"w-text-h\"><span class=\"w-text-value\">Restaurant<\/span><\/span><\/h1><h3 class=\"w-text\"><span class=\"w-text-h\"><span class=\"w-text-value\">TRENTINER TRADITION, HISTORISCHER GESCHMACK: DER AUTHENTISCHE GESCHMACK UNSERER WURZELN IN EINEM TRAUMHAUS.<\/span><\/span><\/h3><\/div><\/div><div class=\"wpb_column vc_column_container us_custom_e32a5847 us_animate_this\"><div class=\"vc_column-inner\"><div class=\"wpb_text_column\"><div class=\"wpb_wrapper\"><p>Unser Restaurant bietet Ihnen nationale und trentinische Gerichte mit typischen Produkten aus der Umgebung an, die gr\u00f6\u00dftenteils aus dem Umkreis von 0 km stammen und in einem sch\u00f6nen Speisesaal oder auf der Veranda serviert werden, von wo aus Sie einen herrlichen Ausblick auf das Tal genie\u00dfen k\u00f6nnen.<br \/>\nIn der K\u00fcche verwenden wir oft Gem\u00fcse und Kr\u00e4uter aus unserem eigenen Garten oder direkt von den Bauern aus der Umgebung.<\/p>\n<p><strong>Nahrungsmittelunvertr\u00e4glichkeiten:<\/strong><br \/>\nWir nehmen R\u00fccksicht auf eventuelle Nahrungsmittelunvertr\u00e4glichkeiten.<br \/>\nWir bitten Sie, diese bei der Buchung anzugeben.<\/p>\n<\/div><\/div><div class=\"w-separator size_large\"><\/div><\/div><\/div><\/div><\/div><\/section><section class=\"l-section wpb_row us_custom_38e2da34 height_auto\"><div class=\"l-section-h i-cf\"><div class=\"g-cols vc_row via_grid cols_2 laptops-cols_inherit tablets-cols_inherit mobiles-cols_1 valign_middle type_default stacking_default\" style=\"--columns-gap:0rem;\"><div class=\"wpb_column vc_column_container stretched\"><div class=\"vc_column-inner\"><div class=\"w-slider style_none fit_scaledown nav_none count_5\"><div class=\"w-slider-h\"><div class=\"royalSlider\"><div class=\"rsContent\"><a class=\"rsImg\" data-rsw=\"1280\" data-rsh=\"853\" href=\"https:\/\/hotelopinione.com\/wp-content\/uploads\/2023\/09\/OND08994-1280x853.jpg\"><span data-alt=\"Hotel Opinione - Dimora Storica a San Lorenzo - Dorsino in Trentino\"><\/span><\/a><\/div><div class=\"rsContent\"><a class=\"rsImg\" data-rsw=\"1280\" data-rsh=\"853\" href=\"https:\/\/hotelopinione.com\/wp-content\/uploads\/2023\/09\/OND09002-1280x853.jpg\"><span data-alt=\"Hotel Opinione - Dimora Storica a San Lorenzo - Dorsino in Trentino\"><\/span><\/a><\/div><div class=\"rsContent\"><a class=\"rsImg\" data-rsw=\"1280\" data-rsh=\"853\" href=\"https:\/\/hotelopinione.com\/wp-content\/uploads\/2023\/09\/OND09000-1280x853.jpg\"><span data-alt=\"Hotel Opinione - Dimora Storica a San Lorenzo - Dorsino in Trentino\"><\/span><\/a><\/div><div class=\"rsContent\"><a class=\"rsImg\" data-rsw=\"1280\" data-rsh=\"853\" href=\"https:\/\/hotelopinione.com\/wp-content\/uploads\/2023\/09\/OND08997-1280x853.jpg\"><span data-alt=\"Hotel Opinione - Dimora Storica a San Lorenzo - Dorsino in Trentino\"><\/span><\/a><\/div><div class=\"rsContent\"><a class=\"rsImg\" data-rsw=\"1280\" data-rsh=\"853\" href=\"https:\/\/hotelopinione.com\/wp-content\/uploads\/2023\/09\/OND09008-1280x853.jpg\"><span data-alt=\"Hotel Opinione - Dimora Storica a San Lorenzo - Dorsino in Trentino\"><\/span><\/a><\/div><\/div><img decoding=\"async\" src=\"https:\/\/hotelopinione.com\/wp-content\/uploads\/2023\/09\/OND08994-1280x853.jpg\" width=\"1280\" height=\"853\" alt=\"Hotel Opinione - Dimora Storica a San Lorenzo - Dorsino in Trentino\" loading=\"lazy\"><\/div><div class=\"w-slider-json\" onclick='return {&quot;autoScaleSlider&quot;:true,&quot;addActiveClass&quot;:true,&quot;loop&quot;:true,&quot;fadeInLoadedSlide&quot;:false,&quot;slidesSpacing&quot;:0,&quot;imageScalePadding&quot;:0,&quot;numImagesToPreload&quot;:2,&quot;arrowsNav&quot;:true,&quot;arrowsNavAutoHide&quot;:false,&quot;transitionType&quot;:&quot;fade&quot;,&quot;transitionSpeed&quot;:900,&quot;block&quot;:{&quot;moveEffect&quot;:&quot;none&quot;,&quot;speed&quot;:300},&quot;thumbs&quot;:{&quot;fitInViewport&quot;:false,&quot;firstMargin&quot;:false,&quot;spacing&quot;:4},&quot;controlNavigation&quot;:&quot;none&quot;,&quot;autoScaleSliderWidth&quot;:1280,&quot;autoScaleSliderHeight&quot;:853}'><\/div><\/div><\/div><\/div><div class=\"wpb_column vc_column_container us_custom_53a61984\"><div class=\"vc_column-inner\"><div class=\"w-vwrapper us_custom_d22a5254 align_none valign_top\"><h2 class=\"w-text\"><span class=\"w-text-h\"><span class=\"w-text-value\">Aus unserem Garten<\/span><\/span><\/h2><div class=\"w-separator size_small\"><\/div><div class=\"wpb_text_column\"><div class=\"wpb_wrapper\"><p>Unser Ziel ist es, ein einzigartiges gastronomisches Erlebnis zu bieten, bei dem die Liebe zum Gem\u00fcse aus unserem Garten im Mittelpunkt steht.<br \/>\nUnser Restaurant folgt der Philosophie \u201eVom Feld auf den Tisch\u201c und stellt sicher, dass ein Gro\u00dfteil der pflanzlichen Lebensmittel mit Sorgfalt und Hingabe direkt neben der K\u00fcche angebaut wird<\/p>\n<\/div><\/div><\/div><\/div><\/div><\/div><\/div><\/section><section class=\"l-section wpb_row height_large\"><div class=\"l-section-h i-cf\"><div class=\"g-cols vc_row via_grid cols_1 laptops-cols_inherit tablets-cols_inherit mobiles-cols_1 valign_top type_default stacking_default\"><div class=\"wpb_column vc_column_container us_custom_60e9caca us_animate_this\"><div class=\"vc_column-inner\"><div class=\"w-hwrapper valign_bottom stack_on_mobiles align_none\" style=\"--hwrapper-gap:1rem\"><div class=\"w-image us_custom_bcbc9589 us_animate_this align_center\"><div class=\"w-image-h\"><img decoding=\"async\" width=\"1024\" height=\"1024\" src=\"https:\/\/hotelopinione.com\/wp-content\/uploads\/2024\/02\/divisore-archi.svg\" class=\"attachment-large size-large\" alt=\"Hotel Opinione - Dimora Storica a San Lorenzo - Dorsino in Trentino\" loading=\"lazy\" \/><\/div><\/div><div class=\"w-text us_custom_3e871229 has_text_color\"><span class=\"w-text-h\"><span class=\"w-text-value\">ABENDESSEN AUF DER TERRASSE<\/span><\/span><\/div><\/div><div class=\"w-separator size_large\"><\/div><div class=\"w-grid us_carousel us_custom_8f2ba1f4 us_animate_this type_carousel layout_gallery_default preload_style_spinner items_2 ratio_4x3\" id=\"us_grid_1\" style=\"--items:2;--gap:1.5rem;--item-ratio:0.75;\"><style>.layout_gallery_default .w-grid-item-h{}<\/style><div class=\"w-grid-list owl-carousel valign_stretch dotstyle_circle navstyle_6 arrows-ver-pos_middle arrows-hor-pos_on_sides_outside arrows-disabled_hide owl-responsive-2000 with_arrows\" style=\"--transition-duration:700ms;--arrows-size:1.5rem;--arrows-hor-offset:calc(-60px + 1.5rem);--arrows-gap:10px;\">\t<article class=\"w-grid-item post-648 attachment type-attachment status-inherit hentry\" data-id=\"648\">\r\n\t\t<div class=\"w-grid-item-h\">\r\n\t\t\t\t\t\t\t<a ref=\"magnificPopupGrid\" href=\"https:\/\/hotelopinione.com\/wp-content\/uploads\/2024\/02\/OND08759-sera.jpg\" class=\"w-grid-item-anchor\" aria-label=\"Hotel Opinione - Dimora Storica a San Lorenzo - Dorsino in Trentino\"><\/a>\r\n\t\t\t\t\t\t<div class=\"w-post-elm post_image usg_post_image_1 stretched\"><img loading=\"lazy\" decoding=\"async\" width=\"1280\" height=\"853\" src=\"https:\/\/hotelopinione.com\/wp-content\/uploads\/2024\/02\/OND08759-sera-1280x853.jpg\" class=\"attachment-us_1280_853_crop size-us_1280_853_crop\" alt=\"Hotel Opinione - Dimora Storica a San Lorenzo - Dorsino in Trentino\" srcset=\"https:\/\/hotelopinione.com\/wp-content\/uploads\/2024\/02\/OND08759-sera-1280x853.jpg 1280w, https:\/\/hotelopinione.com\/wp-content\/uploads\/2024\/02\/OND08759-sera-300x200.jpg 300w, https:\/\/hotelopinione.com\/wp-content\/uploads\/2024\/02\/OND08759-sera-1024x683.jpg 1024w, https:\/\/hotelopinione.com\/wp-content\/uploads\/2024\/02\/OND08759-sera.jpg 1920w\" sizes=\"auto, (max-width: 1280px) 100vw, 1280px\" \/><\/div>\t\t<\/div>\r\n\t\t\t<\/article>\r\n\t<article class=\"w-grid-item post-502 attachment type-attachment status-inherit hentry\" data-id=\"502\">\r\n\t\t<div class=\"w-grid-item-h\">\r\n\t\t\t\t\t\t\t<a ref=\"magnificPopupGrid\" href=\"https:\/\/hotelopinione.com\/wp-content\/uploads\/2023\/09\/OND08645.jpg\" class=\"w-grid-item-anchor\" aria-label=\"Hotel Opinione - Dimora Storica a San Lorenzo - Dorsino in Trentino\"><\/a>\r\n\t\t\t\t\t\t<div class=\"w-post-elm post_image usg_post_image_1 stretched\"><img loading=\"lazy\" decoding=\"async\" width=\"1280\" height=\"853\" src=\"https:\/\/hotelopinione.com\/wp-content\/uploads\/2023\/09\/OND08645-1280x853.jpg\" class=\"attachment-us_1280_853_crop size-us_1280_853_crop\" alt=\"Hotel Opinione - Dimora Storica a San Lorenzo - Dorsino in Trentino\" srcset=\"https:\/\/hotelopinione.com\/wp-content\/uploads\/2023\/09\/OND08645-1280x853.jpg 1280w, https:\/\/hotelopinione.com\/wp-content\/uploads\/2023\/09\/OND08645-300x200.jpg 300w, https:\/\/hotelopinione.com\/wp-content\/uploads\/2023\/09\/OND08645-1024x683.jpg 1024w, https:\/\/hotelopinione.com\/wp-content\/uploads\/2023\/09\/OND08645.jpg 1920w\" sizes=\"auto, (max-width: 1280px) 100vw, 1280px\" \/><\/div>\t\t<\/div>\r\n\t\t\t<\/article>\r\n\t<article class=\"w-grid-item post-498 attachment type-attachment status-inherit hentry\" data-id=\"498\">\r\n\t\t<div class=\"w-grid-item-h\">\r\n\t\t\t\t\t\t\t<a ref=\"magnificPopupGrid\" href=\"https:\/\/hotelopinione.com\/wp-content\/uploads\/2023\/09\/OND08630.jpg\" class=\"w-grid-item-anchor\" aria-label=\"Hotel Opinione - Dimora Storica a San Lorenzo - Dorsino in Trentino\"><\/a>\r\n\t\t\t\t\t\t<div class=\"w-post-elm post_image usg_post_image_1 stretched\"><img loading=\"lazy\" decoding=\"async\" width=\"1280\" height=\"853\" src=\"https:\/\/hotelopinione.com\/wp-content\/uploads\/2023\/09\/OND08630-1280x853.jpg\" class=\"attachment-us_1280_853_crop size-us_1280_853_crop\" alt=\"Hotel Opinione - Dimora Storica a San Lorenzo - Dorsino in Trentino\" srcset=\"https:\/\/hotelopinione.com\/wp-content\/uploads\/2023\/09\/OND08630-1280x853.jpg 1280w, https:\/\/hotelopinione.com\/wp-content\/uploads\/2023\/09\/OND08630-300x200.jpg 300w, https:\/\/hotelopinione.com\/wp-content\/uploads\/2023\/09\/OND08630-1024x683.jpg 1024w, https:\/\/hotelopinione.com\/wp-content\/uploads\/2023\/09\/OND08630.jpg 1920w\" sizes=\"auto, (max-width: 1280px) 100vw, 1280px\" \/><\/div>\t\t<\/div>\r\n\t\t\t<\/article>\r\n\t<article class=\"w-grid-item post-500 attachment type-attachment status-inherit hentry\" data-id=\"500\">\r\n\t\t<div class=\"w-grid-item-h\">\r\n\t\t\t\t\t\t\t<a ref=\"magnificPopupGrid\" href=\"https:\/\/hotelopinione.com\/wp-content\/uploads\/2023\/09\/OND08636.jpg\" class=\"w-grid-item-anchor\" aria-label=\"Hotel Opinione - Dimora Storica a San Lorenzo - Dorsino in Trentino\"><\/a>\r\n\t\t\t\t\t\t<div class=\"w-post-elm post_image usg_post_image_1 stretched\"><img loading=\"lazy\" decoding=\"async\" width=\"1280\" height=\"853\" src=\"https:\/\/hotelopinione.com\/wp-content\/uploads\/2023\/09\/OND08636-1280x853.jpg\" class=\"attachment-us_1280_853_crop size-us_1280_853_crop\" alt=\"Hotel Opinione - Dimora Storica a San Lorenzo - Dorsino in Trentino\" srcset=\"https:\/\/hotelopinione.com\/wp-content\/uploads\/2023\/09\/OND08636-1280x853.jpg 1280w, https:\/\/hotelopinione.com\/wp-content\/uploads\/2023\/09\/OND08636-300x200.jpg 300w, https:\/\/hotelopinione.com\/wp-content\/uploads\/2023\/09\/OND08636-1024x683.jpg 1024w, https:\/\/hotelopinione.com\/wp-content\/uploads\/2023\/09\/OND08636.jpg 1920w\" sizes=\"auto, (max-width: 1280px) 100vw, 1280px\" \/><\/div>\t\t<\/div>\r\n\t\t\t<\/article>\r\n<\/div><div class=\"w-grid-carousel-json hidden\" onclick='return {&quot;carousel_settings&quot;:{&quot;aria_labels&quot;:{&quot;prev&quot;:&quot;Zur\\u00fcck&quot;,&quot;next&quot;:&quot;Weiter&quot;},&quot;autoplayContinual&quot;:false,&quot;autoplayHoverPause&quot;:false,&quot;autoplayTimeout&quot;:3000,&quot;autoWidth&quot;:false,&quot;smartSpeed&quot;:700,&quot;margin&quot;:0,&quot;mouseDrag&quot;:true,&quot;rtl&quot;:false,&quot;slideBy&quot;:&quot;1&quot;,&quot;touchDrag&quot;:true,&quot;slideTransition&quot;:&quot;&quot;,&quot;responsive&quot;:{&quot;0&quot;:{&quot;autoHeight&quot;:false,&quot;autoplay&quot;:true,&quot;autoWidth&quot;:false,&quot;center&quot;:false,&quot;dots&quot;:false,&quot;items&quot;:1,&quot;loop&quot;:true,&quot;nav&quot;:false,&quot;stagePadding&quot;:0,&quot;slideBy&quot;:&quot;1&quot;},&quot;601&quot;:{&quot;autoHeight&quot;:false,&quot;autoplay&quot;:true,&quot;autoWidth&quot;:false,&quot;center&quot;:false,&quot;dots&quot;:false,&quot;items&quot;:2,&quot;loop&quot;:true,&quot;nav&quot;:true,&quot;stagePadding&quot;:0,&quot;slideBy&quot;:&quot;1&quot;},&quot;1025&quot;:{&quot;autoHeight&quot;:false,&quot;autoplay&quot;:false,&quot;autoWidth&quot;:false,&quot;center&quot;:false,&quot;dots&quot;:false,&quot;items&quot;:2,&quot;loop&quot;:true,&quot;nav&quot;:true,&quot;stagePadding&quot;:0,&quot;slideBy&quot;:&quot;1&quot;},&quot;1381&quot;:{&quot;items&quot;:2,&quot;autoplay&quot;:false,&quot;center&quot;:false,&quot;dots&quot;:false,&quot;nav&quot;:true,&quot;autoHeight&quot;:false,&quot;autoWidth&quot;:false,&quot;loop&quot;:true,&quot;stagePadding&quot;:0}}}}'><\/div><\/div><div class=\"g-cols wpb_row us_custom_60e9caca us_animate_this via_grid cols_2 laptops-cols_inherit tablets-cols_inherit mobiles-cols_1 valign_top type_default stacking_default\" style=\"--columns-gap:3rem;--laptops-columns-gap:3rem;--tablets-columns-gap:3rem;--mobiles-columns-gap:2rem;\"><div class=\"wpb_column vc_column_container\"><div class=\"vc_column-inner\"><h2 class=\"w-text us_custom_7e20fa79 us_animate_this\"><span class=\"w-text-h\"><span class=\"w-text-value\">Romantische Atmosph\u00e4re mit Panoramablick.<\/span><\/span><\/h2><\/div><\/div><div class=\"wpb_column vc_column_container\"><div class=\"vc_column-inner\"><div class=\"wpb_text_column\"><div class=\"wpb_wrapper\"><p>Unser Restaurant freut sich, Ihnen ein schmackhaftes Abendessen zu bieten, das die kulinarischen K\u00f6stlichkeiten der Trentiner Dolomiten zelebriert.<br \/>\nZu unseren Gerichten geh\u00f6ren Strangolapreti alla Trentina, Canedeli della Tradizione, Ciuiga del Banale mit Kraut und Montagnine-Kartoffeln, Carne salada e fasoi und mit Bergspinat und Ricotta gef\u00fcllte Montagnine-Kartoffelr\u00f6llchen.<br \/>\nAll dies wird im Speisesaal oder auf unserer Terrasse serviert, von wo aus Sie einen atemberaubenden Panoramablick genie\u00dfen k\u00f6nnen, w\u00e4hrend Sie jeden Bissen dieser lokalen K\u00f6stlichkeiten probieren.<\/p>\n<\/div><\/div><\/div><\/div><\/div><\/div><\/div><\/div><\/div><\/section>\n","protected":false},"excerpt":{"rendered":"","protected":false},"author":1,"featured_media":648,"parent":0,"menu_order":0,"comment_status":"closed","ping_status":"closed","template":"","meta":{"footnotes":""},"class_list":["post-850","page","type-page","status-publish","has-post-thumbnail","hentry"],"yoast_head":"<!-- This site is optimized with the Yoast SEO plugin v26.5 - https:\/\/yoast.com\/wordpress\/plugins\/seo\/ -->\n<title>Restaurant - Hotel Opinione<\/title>\n<meta name=\"robots\" content=\"index, follow, max-snippet:-1, max-image-preview:large, max-video-preview:-1\" \/>\n<link rel=\"canonical\" href=\"https:\/\/hotelopinione.com\/de\/restaurant\/\" \/>\n<meta property=\"og:locale\" content=\"de_DE\" \/>\n<meta property=\"og:type\" content=\"article\" \/>\n<meta property=\"og:title\" content=\"Restaurant - Hotel Opinione\" \/>\n<meta property=\"og:url\" content=\"https:\/\/hotelopinione.com\/de\/restaurant\/\" \/>\n<meta property=\"og:site_name\" content=\"Hotel Opinione\" \/>\n<meta property=\"article:publisher\" content=\"https:\/\/www.facebook.com\/hotelopinione\" \/>\n<meta property=\"article:modified_time\" content=\"2024-02-23T10:59:10+00:00\" \/>\n<meta property=\"og:image\" content=\"https:\/\/hotelopinione.com\/wp-content\/uploads\/2024\/02\/OND08759-sera.jpg\" \/>\n\t<meta property=\"og:image:width\" content=\"1920\" \/>\n\t<meta property=\"og:image:height\" content=\"1280\" \/>\n\t<meta property=\"og:image:type\" content=\"image\/jpeg\" \/>\n<meta name=\"twitter:card\" content=\"summary_large_image\" \/>\n<meta name=\"twitter:label1\" content=\"Gesch\u00e4tzte Lesezeit\" \/>\n\t<meta name=\"twitter:data1\" content=\"4\u00a0Minuten\" \/>\n<script type=\"application\/ld+json\" class=\"yoast-schema-graph\">{\"@context\":\"https:\/\/schema.org\",\"@graph\":[{\"@type\":\"WebPage\",\"@id\":\"https:\/\/hotelopinione.com\/de\/restaurant\/\",\"url\":\"https:\/\/hotelopinione.com\/de\/restaurant\/\",\"name\":\"Restaurant - Hotel Opinione\",\"isPartOf\":{\"@id\":\"https:\/\/hotelopinione.com\/#website\"},\"primaryImageOfPage\":{\"@id\":\"https:\/\/hotelopinione.com\/de\/restaurant\/#primaryimage\"},\"image\":{\"@id\":\"https:\/\/hotelopinione.com\/de\/restaurant\/#primaryimage\"},\"thumbnailUrl\":\"https:\/\/hotelopinione.com\/wp-content\/uploads\/2024\/02\/OND08759-sera.jpg\",\"datePublished\":\"2024-02-06T13:38:20+00:00\",\"dateModified\":\"2024-02-23T10:59:10+00:00\",\"breadcrumb\":{\"@id\":\"https:\/\/hotelopinione.com\/de\/restaurant\/#breadcrumb\"},\"inLanguage\":\"de\",\"potentialAction\":[{\"@type\":\"ReadAction\",\"target\":[\"https:\/\/hotelopinione.com\/de\/restaurant\/\"]}]},{\"@type\":\"ImageObject\",\"inLanguage\":\"de\",\"@id\":\"https:\/\/hotelopinione.com\/de\/restaurant\/#primaryimage\",\"url\":\"https:\/\/hotelopinione.com\/wp-content\/uploads\/2024\/02\/OND08759-sera.jpg\",\"contentUrl\":\"https:\/\/hotelopinione.com\/wp-content\/uploads\/2024\/02\/OND08759-sera.jpg\",\"width\":1920,\"height\":1280,\"caption\":\"Hotel Opinione - Dimora Storica a San Lorenzo - Dorsino in Trentino\"},{\"@type\":\"BreadcrumbList\",\"@id\":\"https:\/\/hotelopinione.com\/de\/restaurant\/#breadcrumb\",\"itemListElement\":[{\"@type\":\"ListItem\",\"position\":1,\"name\":\"Home\",\"item\":\"https:\/\/hotelopinione.com\/de\/\"},{\"@type\":\"ListItem\",\"position\":2,\"name\":\"Restaurant\"}]},{\"@type\":\"WebSite\",\"@id\":\"https:\/\/hotelopinione.com\/#website\",\"url\":\"https:\/\/hotelopinione.com\/\",\"name\":\"Hotel Opinione\",\"description\":\"Hotel Opinione\",\"publisher\":{\"@id\":\"https:\/\/hotelopinione.com\/#organization\"},\"potentialAction\":[{\"@type\":\"SearchAction\",\"target\":{\"@type\":\"EntryPoint\",\"urlTemplate\":\"https:\/\/hotelopinione.com\/?s={search_term_string}\"},\"query-input\":{\"@type\":\"PropertyValueSpecification\",\"valueRequired\":true,\"valueName\":\"search_term_string\"}}],\"inLanguage\":\"de\"},{\"@type\":\"Organization\",\"@id\":\"https:\/\/hotelopinione.com\/#organization\",\"name\":\"Hotel Opinione\",\"url\":\"https:\/\/hotelopinione.com\/\",\"logo\":{\"@type\":\"ImageObject\",\"inLanguage\":\"de\",\"@id\":\"https:\/\/hotelopinione.com\/#\/schema\/logo\/image\/\",\"url\":\"https:\/\/hotelopinione.com\/wp-content\/uploads\/2024\/02\/marchioseo.png\",\"contentUrl\":\"https:\/\/hotelopinione.com\/wp-content\/uploads\/2024\/02\/marchioseo.png\",\"width\":767,\"height\":767,\"caption\":\"Hotel Opinione\"},\"image\":{\"@id\":\"https:\/\/hotelopinione.com\/#\/schema\/logo\/image\/\"},\"sameAs\":[\"https:\/\/www.facebook.com\/hotelopinione\",\"https:\/\/www.instagram.com\/hotel.opinione\/\"]}]}<\/script>\n<!-- \/ Yoast SEO plugin. -->","yoast_head_json":{"title":"Restaurant - Hotel Opinione","robots":{"index":"index","follow":"follow","max-snippet":"max-snippet:-1","max-image-preview":"max-image-preview:large","max-video-preview":"max-video-preview:-1"},"canonical":"https:\/\/hotelopinione.com\/de\/restaurant\/","og_locale":"de_DE","og_type":"article","og_title":"Restaurant - Hotel Opinione","og_url":"https:\/\/hotelopinione.com\/de\/restaurant\/","og_site_name":"Hotel Opinione","article_publisher":"https:\/\/www.facebook.com\/hotelopinione","article_modified_time":"2024-02-23T10:59:10+00:00","og_image":[{"width":1920,"height":1280,"url":"https:\/\/hotelopinione.com\/wp-content\/uploads\/2024\/02\/OND08759-sera.jpg","type":"image\/jpeg"}],"twitter_card":"summary_large_image","twitter_misc":{"Gesch\u00e4tzte Lesezeit":"4\u00a0Minuten"},"schema":{"@context":"https:\/\/schema.org","@graph":[{"@type":"WebPage","@id":"https:\/\/hotelopinione.com\/de\/restaurant\/","url":"https:\/\/hotelopinione.com\/de\/restaurant\/","name":"Restaurant - Hotel Opinione","isPartOf":{"@id":"https:\/\/hotelopinione.com\/#website"},"primaryImageOfPage":{"@id":"https:\/\/hotelopinione.com\/de\/restaurant\/#primaryimage"},"image":{"@id":"https:\/\/hotelopinione.com\/de\/restaurant\/#primaryimage"},"thumbnailUrl":"https:\/\/hotelopinione.com\/wp-content\/uploads\/2024\/02\/OND08759-sera.jpg","datePublished":"2024-02-06T13:38:20+00:00","dateModified":"2024-02-23T10:59:10+00:00","breadcrumb":{"@id":"https:\/\/hotelopinione.com\/de\/restaurant\/#breadcrumb"},"inLanguage":"de","potentialAction":[{"@type":"ReadAction","target":["https:\/\/hotelopinione.com\/de\/restaurant\/"]}]},{"@type":"ImageObject","inLanguage":"de","@id":"https:\/\/hotelopinione.com\/de\/restaurant\/#primaryimage","url":"https:\/\/hotelopinione.com\/wp-content\/uploads\/2024\/02\/OND08759-sera.jpg","contentUrl":"https:\/\/hotelopinione.com\/wp-content\/uploads\/2024\/02\/OND08759-sera.jpg","width":1920,"height":1280,"caption":"Hotel Opinione - Dimora Storica a San Lorenzo - Dorsino in Trentino"},{"@type":"BreadcrumbList","@id":"https:\/\/hotelopinione.com\/de\/restaurant\/#breadcrumb","itemListElement":[{"@type":"ListItem","position":1,"name":"Home","item":"https:\/\/hotelopinione.com\/de\/"},{"@type":"ListItem","position":2,"name":"Restaurant"}]},{"@type":"WebSite","@id":"https:\/\/hotelopinione.com\/#website","url":"https:\/\/hotelopinione.com\/","name":"Hotel Opinione","description":"Hotel Opinione","publisher":{"@id":"https:\/\/hotelopinione.com\/#organization"},"potentialAction":[{"@type":"SearchAction","target":{"@type":"EntryPoint","urlTemplate":"https:\/\/hotelopinione.com\/?s={search_term_string}"},"query-input":{"@type":"PropertyValueSpecification","valueRequired":true,"valueName":"search_term_string"}}],"inLanguage":"de"},{"@type":"Organization","@id":"https:\/\/hotelopinione.com\/#organization","name":"Hotel Opinione","url":"https:\/\/hotelopinione.com\/","logo":{"@type":"ImageObject","inLanguage":"de","@id":"https:\/\/hotelopinione.com\/#\/schema\/logo\/image\/","url":"https:\/\/hotelopinione.com\/wp-content\/uploads\/2024\/02\/marchioseo.png","contentUrl":"https:\/\/hotelopinione.com\/wp-content\/uploads\/2024\/02\/marchioseo.png","width":767,"height":767,"caption":"Hotel Opinione"},"image":{"@id":"https:\/\/hotelopinione.com\/#\/schema\/logo\/image\/"},"sameAs":["https:\/\/www.facebook.com\/hotelopinione","https:\/\/www.instagram.com\/hotel.opinione\/"]}]}},"_links":{"self":[{"href":"https:\/\/hotelopinione.com\/de\/wp-json\/wp\/v2\/pages\/850","targetHints":{"allow":["GET"]}}],"collection":[{"href":"https:\/\/hotelopinione.com\/de\/wp-json\/wp\/v2\/pages"}],"about":[{"href":"https:\/\/hotelopinione.com\/de\/wp-json\/wp\/v2\/types\/page"}],"author":[{"embeddable":true,"href":"https:\/\/hotelopinione.com\/de\/wp-json\/wp\/v2\/users\/1"}],"replies":[{"embeddable":true,"href":"https:\/\/hotelopinione.com\/de\/wp-json\/wp\/v2\/comments?post=850"}],"version-history":[{"count":2,"href":"https:\/\/hotelopinione.com\/de\/wp-json\/wp\/v2\/pages\/850\/revisions"}],"predecessor-version":[{"id":852,"href":"https:\/\/hotelopinione.com\/de\/wp-json\/wp\/v2\/pages\/850\/revisions\/852"}],"wp:featuredmedia":[{"embeddable":true,"href":"https:\/\/hotelopinione.com\/de\/wp-json\/wp\/v2\/media\/648"}],"wp:attachment":[{"href":"https:\/\/hotelopinione.com\/de\/wp-json\/wp\/v2\/media?parent=850"}],"curies":[{"name":"wp","href":"https:\/\/api.w.org\/{rel}","templated":true}]}}