{"id":845,"date":"2024-02-06T17:36:44","date_gmt":"2024-02-06T16:36:44","guid":{"rendered":"https:\/\/hotelopinione.com\/terrazza\/"},"modified":"2025-12-04T15:30:41","modified_gmt":"2025-12-04T14:30:41","slug":"terrasse","status":"publish","type":"page","link":"https:\/\/hotelopinione.com\/de\/terrasse\/","title":{"rendered":"Terrasse"},"content":{"rendered":"<section class=\"l-section wpb_row us_custom_cd7e6083 height_medium with_img\"><div class=\"l-section-img\" role=\"img\" aria-label=\"Bild\" data-img-width=\"1920\" data-img-height=\"1281\" style=\"background-image: url(https:\/\/hotelopinione.com\/wp-content\/uploads\/2025\/12\/OND04578-web.jpg);background-repeat: no-repeat;\"><\/div><div class=\"l-section-overlay\" style=\"background:rgba(0,0,0,0.20)\"><\/div><div class=\"l-section-h i-cf\"><div class=\"g-cols vc_row via_grid cols_1 laptops-cols_inherit tablets-cols_inherit mobiles-cols_1 valign_top type_default stacking_default\"><div class=\"wpb_column vc_column_container\"><div class=\"vc_column-inner\"><\/div><\/div><\/div><\/div><\/section><section class=\"l-section wpb_row height_large\"><div class=\"l-section-h i-cf\"><div class=\"g-cols vc_row via_grid cols_5-7 laptops-cols_inherit tablets-cols_inherit mobiles-cols_1 valign_top type_default stacking_default\"><div class=\"wpb_column vc_column_container us_custom_60e9caca us_animate_this\"><div class=\"vc_column-inner\"><h1 class=\"w-text\"><span class=\"w-text-h\"><span class=\"w-text-value\">The private Spa<\/span><\/span><\/h1><h3 class=\"w-text\"><span class=\"w-text-h\"><span class=\"w-text-value\">Eine Oase der Ruhe mit Panoramablick auf das Tal.<\/span><\/span><\/h3><div class=\"w-vwrapper align_none valign_top\"><div class=\"w-text icon_atleft\"><span class=\"w-text-h\"><i class=\"far fa-clock\"><\/i><span class=\"w-text-value\">Ge\u00f6ffnet von 10:00 bis 22:00 Uhr<\/span><\/span><\/div><div class=\"w-text icon_atleft\"><span class=\"w-text-h\"><i class=\"fas fa-info-circle\"><\/i><span class=\"w-text-value\">Kostenpflichtiger Service, der direkt \u00fcber unser Buchungssystem reserviert werden kann.<\/span><\/span><\/div><div class=\"w-btn-wrapper align_none\"><a class=\"w-btn us-btn-style_1\" target=\"_blank\" href=\"https:\/\/www.simplebooking.it\/ibe2\/hotel\/9819?lang=DE\"><span class=\"w-btn-label\">The Private Spa Experience<\/span><\/a><\/div><\/div><\/div><\/div><div class=\"wpb_column vc_column_container us_custom_e32a5847 us_animate_this\"><div class=\"vc_column-inner\"><div class=\"wpb_text_column\"><div class=\"wpb_wrapper\"><p>Unsere Panoramaterrasse ist heute zu einem echten Private Spa geworden, einer exklusiven Oase zwischen Himmel und dem Herzen des Dorfes San Lorenzo in Banale. Von hier oben er\u00f6ffnet sich ein Blick auf die eindrucksvollsten Landschaften der Brenta-Dolomiten, mit Panoramen, die sich mit den Jahreszeiten \u00e4ndern und Momente von authentischem Zauber bieten.<\/p>\n<p>Um Ihr Erlebnis noch besonderer zu machen, haben wir diesen Bereich in einen kompletten Wellnessbereich verwandelt: einen auf 38 Grad beheizten Whirlpool mit Panoramablick, eine finnische Sauna, einen Entspannungsraum mit Aroma Wave und einen Bereich mit Muschelschaukeln, die perfekt sind, um sich von der Stille der Berge wiegen zu lassen. Hier ist jedes Detail darauf ausgerichtet, Ihnen Ruhe, Intimit\u00e4t und Erholung zu bieten.<\/p>\n<p>Unser Private Spa ist auch der ideale Ort, um romantische Momente bei Sonnenuntergang zu erleben: Genie\u00dfen Sie einen Drink, bewundern Sie den Himmel, der sich in warmen Farbt\u00f6nen f\u00e4rbt, und lassen Sie sich von der einzigartigen Atmosph\u00e4re einh\u00fcllen, die nur ein historisches Anwesen bieten kann.<\/p>\n<\/div><\/div><\/div><\/div><\/div><\/div><\/section><section class=\"l-section wpb_row height_small\"><div class=\"l-section-h i-cf\"><div class=\"g-cols vc_row via_grid cols_2-1 laptops-cols_inherit tablets-cols_inherit mobiles-cols_1 valign_middle type_default stacking_default\"><div class=\"wpb_column vc_column_container\"><div class=\"vc_column-inner\"><div class=\"w-slider style_none fit_contain nav_none count_2\"><div class=\"w-slider-h\"><div class=\"royalSlider\"><div class=\"rsContent\"><a class=\"rsImg\" data-rsw=\"1280\" data-rsh=\"853\" href=\"https:\/\/hotelopinione.com\/wp-content\/uploads\/2025\/12\/OND04402-edit-web-1280x853.jpg\"><span data-alt=\"\"><\/span><\/a><\/div><div class=\"rsContent\"><a class=\"rsImg\" data-rsw=\"1280\" data-rsh=\"853\" href=\"https:\/\/hotelopinione.com\/wp-content\/uploads\/2025\/12\/OND04359-web-1280x853.jpg\"><span data-alt=\"\"><\/span><\/a><\/div><\/div><img decoding=\"async\" src=\"https:\/\/hotelopinione.com\/wp-content\/uploads\/2025\/12\/OND04402-edit-web-1280x853.jpg\" width=\"1280\" height=\"853\" alt loading=\"lazy\"><\/div><div class=\"w-slider-json\" onclick='return {&quot;autoScaleSlider&quot;:true,&quot;addActiveClass&quot;:true,&quot;loop&quot;:true,&quot;fadeInLoadedSlide&quot;:false,&quot;slidesSpacing&quot;:0,&quot;imageScalePadding&quot;:0,&quot;numImagesToPreload&quot;:2,&quot;arrowsNav&quot;:true,&quot;arrowsNavAutoHide&quot;:false,&quot;transitionType&quot;:&quot;move&quot;,&quot;transitionSpeed&quot;:250,&quot;block&quot;:{&quot;moveEffect&quot;:&quot;none&quot;,&quot;speed&quot;:300},&quot;thumbs&quot;:{&quot;fitInViewport&quot;:false,&quot;firstMargin&quot;:false,&quot;spacing&quot;:4},&quot;controlNavigation&quot;:&quot;none&quot;,&quot;autoScaleSliderWidth&quot;:1280,&quot;autoScaleSliderHeight&quot;:853}'><\/div><\/div><\/div><\/div><div class=\"wpb_column vc_column_container\"><div class=\"vc_column-inner\"><div class=\"w-vwrapper align_none valign_top\"><h2 class=\"w-text\"><span class=\"w-text-h\"><span class=\"w-text-value\">Bereich mit Muschelschaukeln<\/span><\/span><\/h2><div class=\"wpb_text_column\"><div class=\"wpb_wrapper\"><p>Der mit eleganten Muschelschaukeln ausgestattete Bereich l\u00e4dt dazu ein, sich von der Bergbrise wiegen zu lassen. Jeder der bequemen Sitze erm\u00f6glicht eine nat\u00fcrliche und bequeme Sitzposition, ideal zum Lesen, Entspannen oder Genie\u00dfen der atemberaubenden Aussicht auf das Brenta-Massiv.<\/p>\n<\/div><\/div><\/div><\/div><\/div><\/div><\/div><\/section><section class=\"l-section wpb_row height_small\"><div class=\"l-section-h i-cf\"><div class=\"g-cols vc_row via_grid cols_1-2 laptops-cols_inherit tablets-cols_inherit mobiles-cols_1 valign_middle type_default reversed stacking_default\"><div class=\"wpb_column vc_column_container\"><div class=\"vc_column-inner\"><div class=\"w-vwrapper align_none valign_top\"><h2 class=\"w-text\"><span class=\"w-text-h\"><span class=\"w-text-value\">Finnische Sauna<\/span><\/span><\/h2><div class=\"wpb_text_column\"><div class=\"wpb_wrapper\"><p>Die gem\u00fctliche und schlichte Sauna auf unserer privaten Terrasse ist der ideale R\u00fcckzugsort nach einem Tag voller Ausfl\u00fcge, Sport oder einfach nur Erkundungstouren durch die Umgebung. Die wohltuende W\u00e4rme hilft, die Muskeln zu entspannen, den Kreislauf anzuregen und den Kopf frei zu bekommen.<\/p>\n<\/div><\/div><\/div><\/div><\/div><div class=\"wpb_column vc_column_container\"><div class=\"vc_column-inner\"><div class=\"w-slider style_none fit_contain nav_none count_3\"><div class=\"w-slider-h\"><div class=\"royalSlider\"><div class=\"rsContent\"><a class=\"rsImg\" data-rsw=\"1280\" data-rsh=\"853\" href=\"https:\/\/hotelopinione.com\/wp-content\/uploads\/2025\/12\/OND04511-web-1280x853.jpg\"><span data-alt=\"\"><\/span><\/a><\/div><div class=\"rsContent\"><a class=\"rsImg\" data-rsw=\"1280\" data-rsh=\"853\" href=\"https:\/\/hotelopinione.com\/wp-content\/uploads\/2025\/12\/OND04460-web-1280x853.jpg\"><span data-alt=\"\"><\/span><\/a><\/div><div class=\"rsContent\"><a class=\"rsImg\" data-rsw=\"1280\" data-rsh=\"853\" href=\"https:\/\/hotelopinione.com\/wp-content\/uploads\/2025\/12\/OND04665-HDR-web-1280x853.jpg\"><span data-alt=\"\"><\/span><\/a><\/div><\/div><img decoding=\"async\" src=\"https:\/\/hotelopinione.com\/wp-content\/uploads\/2025\/12\/OND04511-web-1280x853.jpg\" width=\"1280\" height=\"853\" alt loading=\"lazy\"><\/div><div class=\"w-slider-json\" onclick='return {&quot;autoScaleSlider&quot;:true,&quot;addActiveClass&quot;:true,&quot;loop&quot;:true,&quot;fadeInLoadedSlide&quot;:false,&quot;slidesSpacing&quot;:0,&quot;imageScalePadding&quot;:0,&quot;numImagesToPreload&quot;:2,&quot;arrowsNav&quot;:true,&quot;arrowsNavAutoHide&quot;:false,&quot;transitionType&quot;:&quot;move&quot;,&quot;transitionSpeed&quot;:250,&quot;block&quot;:{&quot;moveEffect&quot;:&quot;none&quot;,&quot;speed&quot;:300},&quot;thumbs&quot;:{&quot;fitInViewport&quot;:false,&quot;firstMargin&quot;:false,&quot;spacing&quot;:4},&quot;controlNavigation&quot;:&quot;none&quot;,&quot;autoScaleSliderWidth&quot;:1280,&quot;autoScaleSliderHeight&quot;:853}'><\/div><\/div><\/div><\/div><\/div><\/div><\/section><section class=\"l-section wpb_row height_small\"><div class=\"l-section-h i-cf\"><div class=\"g-cols vc_row via_grid cols_2-1 laptops-cols_inherit tablets-cols_inherit mobiles-cols_1 valign_middle type_default stacking_default\"><div class=\"wpb_column vc_column_container\"><div class=\"vc_column-inner\"><div class=\"w-slider style_none fit_contain nav_none count_3\"><div class=\"w-slider-h\"><div class=\"royalSlider\"><div class=\"rsContent\"><a class=\"rsImg\" data-rsw=\"1280\" data-rsh=\"853\" href=\"https:\/\/hotelopinione.com\/wp-content\/uploads\/2025\/12\/OND04648-web-1280x853.jpg\"><span data-alt=\"\"><\/span><\/a><\/div><div class=\"rsContent\"><a class=\"rsImg\" data-rsw=\"1280\" data-rsh=\"853\" href=\"https:\/\/hotelopinione.com\/wp-content\/uploads\/2025\/12\/OND04578-web-1280x853.jpg\"><span data-alt=\"\"><\/span><\/a><\/div><div class=\"rsContent\"><a class=\"rsImg\" data-rsw=\"1280\" data-rsh=\"853\" href=\"https:\/\/hotelopinione.com\/wp-content\/uploads\/2025\/12\/OND04662-HDR-web-1280x853.jpg\"><span data-alt=\"\"><\/span><\/a><\/div><\/div><img decoding=\"async\" src=\"https:\/\/hotelopinione.com\/wp-content\/uploads\/2025\/12\/OND04648-web-1280x853.jpg\" width=\"1280\" height=\"853\" alt loading=\"lazy\"><\/div><div class=\"w-slider-json\" onclick='return {&quot;autoScaleSlider&quot;:true,&quot;addActiveClass&quot;:true,&quot;loop&quot;:true,&quot;fadeInLoadedSlide&quot;:false,&quot;slidesSpacing&quot;:0,&quot;imageScalePadding&quot;:0,&quot;numImagesToPreload&quot;:2,&quot;arrowsNav&quot;:true,&quot;arrowsNavAutoHide&quot;:false,&quot;transitionType&quot;:&quot;move&quot;,&quot;transitionSpeed&quot;:250,&quot;block&quot;:{&quot;moveEffect&quot;:&quot;none&quot;,&quot;speed&quot;:300},&quot;thumbs&quot;:{&quot;fitInViewport&quot;:false,&quot;firstMargin&quot;:false,&quot;spacing&quot;:4},&quot;controlNavigation&quot;:&quot;none&quot;,&quot;autoScaleSliderWidth&quot;:1280,&quot;autoScaleSliderHeight&quot;:853}'><\/div><\/div><\/div><\/div><div class=\"wpb_column vc_column_container\"><div class=\"vc_column-inner\"><div class=\"w-vwrapper align_none valign_top\"><h2 class=\"w-text\"><span class=\"w-text-h\"><span class=\"w-text-value\">Auf 38 \u00b0C beheizter Whirlpool<\/span><\/span><\/h2><div class=\"wpb_text_column\"><div class=\"wpb_wrapper\"><p>Zwischen Himmel und Dolomiten schwebend, ist unser Panorama-Whirlpool der perfekte Ort, um sich von der Stille der Berge einh\u00fcllen zu lassen. Das warme Wasser, die entspannenden D\u00fcsen und der Duft der Alpenluft schaffen ein regenerierendes Erlebnis, das K\u00f6rper und Geist einbezieht.<\/p>\n<\/div><\/div><\/div><\/div><\/div><\/div><\/div><\/section><section class=\"l-section wpb_row height_small\"><div class=\"l-section-h i-cf\"><div class=\"g-cols vc_row via_grid cols_1-2 laptops-cols_inherit tablets-cols_inherit mobiles-cols_1 valign_middle type_default reversed stacking_default\"><div class=\"wpb_column vc_column_container\"><div class=\"vc_column-inner\"><div class=\"w-vwrapper align_none valign_top\"><h2 class=\"w-text\"><span class=\"w-text-h\"><span class=\"w-text-value\">Entspannungsraum &amp; Aroma Wave<\/span><\/span><\/h2><div class=\"wpb_text_column\"><div class=\"wpb_wrapper\"><p>Nach der Sauna oder einem Bad im Whirlpool ist der Ruheraum der perfekte Ort, um sich zu entspannen und die authentische Atmosph\u00e4re unseres historischen Anwesens zu genie\u00dfen. Ged\u00e4mpftes Licht, warme R\u00e4ume und eine Stille, die zum Nachdenken einl\u00e4dt: Hier scheint die Zeit langsamer zu vergehen.<\/p>\n<\/div><\/div><\/div><\/div><\/div><div class=\"wpb_column vc_column_container\"><div class=\"vc_column-inner\"><div class=\"w-slider style_none fit_contain nav_none count_3\"><div class=\"w-slider-h\"><div class=\"royalSlider\"><div class=\"rsContent\"><a class=\"rsImg\" data-rsw=\"1280\" data-rsh=\"853\" href=\"https:\/\/hotelopinione.com\/wp-content\/uploads\/2025\/12\/OND04655-HDR-web-1280x853.jpg\"><span data-alt=\"\"><\/span><\/a><\/div><div class=\"rsContent\"><a class=\"rsImg\" data-rsw=\"1280\" data-rsh=\"853\" href=\"https:\/\/hotelopinione.com\/wp-content\/uploads\/2025\/12\/OND04539-web-1280x853.jpg\"><span data-alt=\"\"><\/span><\/a><\/div><div class=\"rsContent\"><a class=\"rsImg\" data-rsw=\"1280\" data-rsh=\"853\" href=\"https:\/\/hotelopinione.com\/wp-content\/uploads\/2025\/12\/OND04543-web-1280x853.jpg\"><span data-alt=\"\"><\/span><\/a><\/div><\/div><img decoding=\"async\" src=\"https:\/\/hotelopinione.com\/wp-content\/uploads\/2025\/12\/OND04655-HDR-web-1280x853.jpg\" width=\"1280\" height=\"853\" alt loading=\"lazy\"><\/div><div class=\"w-slider-json\" onclick='return {&quot;autoScaleSlider&quot;:true,&quot;addActiveClass&quot;:true,&quot;loop&quot;:true,&quot;fadeInLoadedSlide&quot;:false,&quot;slidesSpacing&quot;:0,&quot;imageScalePadding&quot;:0,&quot;numImagesToPreload&quot;:2,&quot;arrowsNav&quot;:true,&quot;arrowsNavAutoHide&quot;:false,&quot;transitionType&quot;:&quot;move&quot;,&quot;transitionSpeed&quot;:250,&quot;block&quot;:{&quot;moveEffect&quot;:&quot;none&quot;,&quot;speed&quot;:300},&quot;thumbs&quot;:{&quot;fitInViewport&quot;:false,&quot;firstMargin&quot;:false,&quot;spacing&quot;:4},&quot;controlNavigation&quot;:&quot;none&quot;,&quot;autoScaleSliderWidth&quot;:1280,&quot;autoScaleSliderHeight&quot;:853}'><\/div><\/div><\/div><\/div><\/div><\/div><\/section>\n","protected":false},"excerpt":{"rendered":"The private SpaEine Oase der Ruhe mit Panoramablick auf das Tal.Ge\u00f6ffnet von 10:00 bis 22:00 UhrKostenpflichtiger Service, der direkt \u00fcber unser Buchungssystem reserviert werden kann.The Private Spa ExperienceUnsere Panoramaterrasse ist heute zu einem echten Private Spa geworden, einer exklusiven Oase zwischen Himmel und dem Herzen des Dorfes San Lorenzo in Banale. Von hier oben er\u00f6ffnet...","protected":false},"author":1,"featured_media":1148,"parent":0,"menu_order":0,"comment_status":"closed","ping_status":"closed","template":"","meta":{"footnotes":""},"class_list":["post-845","page","type-page","status-publish","has-post-thumbnail","hentry"],"yoast_head":"<!-- This site is optimized with the Yoast SEO plugin v26.5 - https:\/\/yoast.com\/wordpress\/plugins\/seo\/ -->\n<title>Hotel Opinione | Private Spa San Lorenzo Dorsino<\/title>\n<meta name=\"description\" content=\"Entdecken Sie das Panorama-Private-Spa des Hotels Opinione in San Lorenzo in Banale: Whirlpool, Sauna und Entspannung mit Blick auf die Brenta-Dolomiten.\" \/>\n<meta name=\"robots\" content=\"index, follow, max-snippet:-1, max-image-preview:large, max-video-preview:-1\" \/>\n<link rel=\"canonical\" href=\"https:\/\/hotelopinione.com\/de\/terrasse\/\" \/>\n<meta property=\"og:locale\" content=\"de_DE\" \/>\n<meta property=\"og:type\" content=\"article\" \/>\n<meta property=\"og:title\" content=\"Hotel Opinione | Private Spa San Lorenzo Dorsino\" \/>\n<meta property=\"og:description\" content=\"Entdecken Sie das Panorama-Private-Spa des Hotels Opinione in San Lorenzo in Banale: Whirlpool, Sauna und Entspannung mit Blick auf die Brenta-Dolomiten.\" \/>\n<meta property=\"og:url\" content=\"https:\/\/hotelopinione.com\/de\/terrasse\/\" \/>\n<meta property=\"og:site_name\" content=\"Hotel Opinione\" \/>\n<meta property=\"article:publisher\" content=\"https:\/\/www.facebook.com\/hotelopinione\" \/>\n<meta property=\"article:modified_time\" content=\"2025-12-04T14:30:41+00:00\" \/>\n<meta property=\"og:image\" content=\"https:\/\/hotelopinione.com\/wp-content\/uploads\/2025\/12\/OND04578-web.jpg\" \/>\n\t<meta property=\"og:image:width\" content=\"1920\" \/>\n\t<meta property=\"og:image:height\" content=\"1281\" \/>\n\t<meta property=\"og:image:type\" content=\"image\/jpeg\" \/>\n<meta name=\"twitter:card\" content=\"summary_large_image\" \/>\n<meta name=\"twitter:label1\" content=\"Gesch\u00e4tzte Lesezeit\" \/>\n\t<meta name=\"twitter:data1\" content=\"3\u00a0Minuten\" \/>\n<script type=\"application\/ld+json\" class=\"yoast-schema-graph\">{\"@context\":\"https:\/\/schema.org\",\"@graph\":[{\"@type\":\"WebPage\",\"@id\":\"https:\/\/hotelopinione.com\/de\/terrasse\/\",\"url\":\"https:\/\/hotelopinione.com\/de\/terrasse\/\",\"name\":\"Hotel Opinione | Private Spa San Lorenzo Dorsino\",\"isPartOf\":{\"@id\":\"https:\/\/hotelopinione.com\/#website\"},\"primaryImageOfPage\":{\"@id\":\"https:\/\/hotelopinione.com\/de\/terrasse\/#primaryimage\"},\"image\":{\"@id\":\"https:\/\/hotelopinione.com\/de\/terrasse\/#primaryimage\"},\"thumbnailUrl\":\"https:\/\/hotelopinione.com\/wp-content\/uploads\/2025\/12\/OND04578-web.jpg\",\"datePublished\":\"2024-02-06T16:36:44+00:00\",\"dateModified\":\"2025-12-04T14:30:41+00:00\",\"description\":\"Entdecken Sie das Panorama-Private-Spa des Hotels Opinione in San Lorenzo in Banale: Whirlpool, Sauna und Entspannung mit Blick auf die Brenta-Dolomiten.\",\"breadcrumb\":{\"@id\":\"https:\/\/hotelopinione.com\/de\/terrasse\/#breadcrumb\"},\"inLanguage\":\"de\",\"potentialAction\":[{\"@type\":\"ReadAction\",\"target\":[\"https:\/\/hotelopinione.com\/de\/terrasse\/\"]}]},{\"@type\":\"ImageObject\",\"inLanguage\":\"de\",\"@id\":\"https:\/\/hotelopinione.com\/de\/terrasse\/#primaryimage\",\"url\":\"https:\/\/hotelopinione.com\/wp-content\/uploads\/2025\/12\/OND04578-web.jpg\",\"contentUrl\":\"https:\/\/hotelopinione.com\/wp-content\/uploads\/2025\/12\/OND04578-web.jpg\",\"width\":1920,\"height\":1281},{\"@type\":\"BreadcrumbList\",\"@id\":\"https:\/\/hotelopinione.com\/de\/terrasse\/#breadcrumb\",\"itemListElement\":[{\"@type\":\"ListItem\",\"position\":1,\"name\":\"Home\",\"item\":\"https:\/\/hotelopinione.com\/de\/\"},{\"@type\":\"ListItem\",\"position\":2,\"name\":\"Terrasse\"}]},{\"@type\":\"WebSite\",\"@id\":\"https:\/\/hotelopinione.com\/#website\",\"url\":\"https:\/\/hotelopinione.com\/\",\"name\":\"Hotel Opinione\",\"description\":\"Hotel Opinione\",\"publisher\":{\"@id\":\"https:\/\/hotelopinione.com\/#organization\"},\"potentialAction\":[{\"@type\":\"SearchAction\",\"target\":{\"@type\":\"EntryPoint\",\"urlTemplate\":\"https:\/\/hotelopinione.com\/?s={search_term_string}\"},\"query-input\":{\"@type\":\"PropertyValueSpecification\",\"valueRequired\":true,\"valueName\":\"search_term_string\"}}],\"inLanguage\":\"de\"},{\"@type\":\"Organization\",\"@id\":\"https:\/\/hotelopinione.com\/#organization\",\"name\":\"Hotel Opinione\",\"url\":\"https:\/\/hotelopinione.com\/\",\"logo\":{\"@type\":\"ImageObject\",\"inLanguage\":\"de\",\"@id\":\"https:\/\/hotelopinione.com\/#\/schema\/logo\/image\/\",\"url\":\"https:\/\/hotelopinione.com\/wp-content\/uploads\/2024\/02\/marchioseo.png\",\"contentUrl\":\"https:\/\/hotelopinione.com\/wp-content\/uploads\/2024\/02\/marchioseo.png\",\"width\":767,\"height\":767,\"caption\":\"Hotel Opinione\"},\"image\":{\"@id\":\"https:\/\/hotelopinione.com\/#\/schema\/logo\/image\/\"},\"sameAs\":[\"https:\/\/www.facebook.com\/hotelopinione\",\"https:\/\/www.instagram.com\/hotel.opinione\/\"]}]}<\/script>\n<!-- \/ Yoast SEO plugin. -->","yoast_head_json":{"title":"Hotel Opinione | Private Spa San Lorenzo Dorsino","description":"Entdecken Sie das Panorama-Private-Spa des Hotels Opinione in San Lorenzo in Banale: Whirlpool, Sauna und Entspannung mit Blick auf die Brenta-Dolomiten.","robots":{"index":"index","follow":"follow","max-snippet":"max-snippet:-1","max-image-preview":"max-image-preview:large","max-video-preview":"max-video-preview:-1"},"canonical":"https:\/\/hotelopinione.com\/de\/terrasse\/","og_locale":"de_DE","og_type":"article","og_title":"Hotel Opinione | Private Spa San Lorenzo Dorsino","og_description":"Entdecken Sie das Panorama-Private-Spa des Hotels Opinione in San Lorenzo in Banale: Whirlpool, Sauna und Entspannung mit Blick auf die Brenta-Dolomiten.","og_url":"https:\/\/hotelopinione.com\/de\/terrasse\/","og_site_name":"Hotel Opinione","article_publisher":"https:\/\/www.facebook.com\/hotelopinione","article_modified_time":"2025-12-04T14:30:41+00:00","og_image":[{"width":1920,"height":1281,"url":"https:\/\/hotelopinione.com\/wp-content\/uploads\/2025\/12\/OND04578-web.jpg","type":"image\/jpeg"}],"twitter_card":"summary_large_image","twitter_misc":{"Gesch\u00e4tzte Lesezeit":"3\u00a0Minuten"},"schema":{"@context":"https:\/\/schema.org","@graph":[{"@type":"WebPage","@id":"https:\/\/hotelopinione.com\/de\/terrasse\/","url":"https:\/\/hotelopinione.com\/de\/terrasse\/","name":"Hotel Opinione | Private Spa San Lorenzo Dorsino","isPartOf":{"@id":"https:\/\/hotelopinione.com\/#website"},"primaryImageOfPage":{"@id":"https:\/\/hotelopinione.com\/de\/terrasse\/#primaryimage"},"image":{"@id":"https:\/\/hotelopinione.com\/de\/terrasse\/#primaryimage"},"thumbnailUrl":"https:\/\/hotelopinione.com\/wp-content\/uploads\/2025\/12\/OND04578-web.jpg","datePublished":"2024-02-06T16:36:44+00:00","dateModified":"2025-12-04T14:30:41+00:00","description":"Entdecken Sie das Panorama-Private-Spa des Hotels Opinione in San Lorenzo in Banale: Whirlpool, Sauna und Entspannung mit Blick auf die Brenta-Dolomiten.","breadcrumb":{"@id":"https:\/\/hotelopinione.com\/de\/terrasse\/#breadcrumb"},"inLanguage":"de","potentialAction":[{"@type":"ReadAction","target":["https:\/\/hotelopinione.com\/de\/terrasse\/"]}]},{"@type":"ImageObject","inLanguage":"de","@id":"https:\/\/hotelopinione.com\/de\/terrasse\/#primaryimage","url":"https:\/\/hotelopinione.com\/wp-content\/uploads\/2025\/12\/OND04578-web.jpg","contentUrl":"https:\/\/hotelopinione.com\/wp-content\/uploads\/2025\/12\/OND04578-web.jpg","width":1920,"height":1281},{"@type":"BreadcrumbList","@id":"https:\/\/hotelopinione.com\/de\/terrasse\/#breadcrumb","itemListElement":[{"@type":"ListItem","position":1,"name":"Home","item":"https:\/\/hotelopinione.com\/de\/"},{"@type":"ListItem","position":2,"name":"Terrasse"}]},{"@type":"WebSite","@id":"https:\/\/hotelopinione.com\/#website","url":"https:\/\/hotelopinione.com\/","name":"Hotel Opinione","description":"Hotel Opinione","publisher":{"@id":"https:\/\/hotelopinione.com\/#organization"},"potentialAction":[{"@type":"SearchAction","target":{"@type":"EntryPoint","urlTemplate":"https:\/\/hotelopinione.com\/?s={search_term_string}"},"query-input":{"@type":"PropertyValueSpecification","valueRequired":true,"valueName":"search_term_string"}}],"inLanguage":"de"},{"@type":"Organization","@id":"https:\/\/hotelopinione.com\/#organization","name":"Hotel Opinione","url":"https:\/\/hotelopinione.com\/","logo":{"@type":"ImageObject","inLanguage":"de","@id":"https:\/\/hotelopinione.com\/#\/schema\/logo\/image\/","url":"https:\/\/hotelopinione.com\/wp-content\/uploads\/2024\/02\/marchioseo.png","contentUrl":"https:\/\/hotelopinione.com\/wp-content\/uploads\/2024\/02\/marchioseo.png","width":767,"height":767,"caption":"Hotel Opinione"},"image":{"@id":"https:\/\/hotelopinione.com\/#\/schema\/logo\/image\/"},"sameAs":["https:\/\/www.facebook.com\/hotelopinione","https:\/\/www.instagram.com\/hotel.opinione\/"]}]}},"_links":{"self":[{"href":"https:\/\/hotelopinione.com\/de\/wp-json\/wp\/v2\/pages\/845","targetHints":{"allow":["GET"]}}],"collection":[{"href":"https:\/\/hotelopinione.com\/de\/wp-json\/wp\/v2\/pages"}],"about":[{"href":"https:\/\/hotelopinione.com\/de\/wp-json\/wp\/v2\/types\/page"}],"author":[{"embeddable":true,"href":"https:\/\/hotelopinione.com\/de\/wp-json\/wp\/v2\/users\/1"}],"replies":[{"embeddable":true,"href":"https:\/\/hotelopinione.com\/de\/wp-json\/wp\/v2\/comments?post=845"}],"version-history":[{"count":8,"href":"https:\/\/hotelopinione.com\/de\/wp-json\/wp\/v2\/pages\/845\/revisions"}],"predecessor-version":[{"id":1257,"href":"https:\/\/hotelopinione.com\/de\/wp-json\/wp\/v2\/pages\/845\/revisions\/1257"}],"wp:featuredmedia":[{"embeddable":true,"href":"https:\/\/hotelopinione.com\/de\/wp-json\/wp\/v2\/media\/1148"}],"wp:attachment":[{"href":"https:\/\/hotelopinione.com\/de\/wp-json\/wp\/v2\/media?parent=845"}],"curies":[{"name":"wp","href":"https:\/\/api.w.org\/{rel}","templated":true}]}}